{"id":1247,"date":"2021-07-05T10:48:48","date_gmt":"2021-07-05T08:48:48","guid":{"rendered":"https:\/\/www.visitlongarone.it\/storia-tradizioni-e-musei\/"},"modified":"2022-06-14T11:01:32","modified_gmt":"2022-06-14T09:01:32","slug":"historia-tradiciones-y-museos","status":"publish","type":"page","link":"https:\/\/www.visitlongarone.it\/es\/historia-tradiciones-y-museos\/","title":{"rendered":"Historia, Tradiciones y Museos"},"content":{"rendered":"<div class=\"wpb-content-wrapper\"><p>[vc_row unlock_row_content=\u00bbyes\u00bb row_height_percent=\u00bb80&#8243; override_padding=\u00bbyes\u00bb h_padding=\u00bb0&#8243; top_padding=\u00bb2&#8243; bottom_padding=\u00bb2&#8243; back_image=\u00bb375&#8243; overlay_alpha=\u00bb50&#8243; gutter_size=\u00bb3&#8243; column_width_percent=\u00bb100&#8243; shift_y=\u00bb0&#8243; z_index=\u00bb0&#8243;][vc_column column_width_percent=\u00bb100&#8243; position_vertical=\u00bbmiddle\u00bb align_horizontal=\u00bbalign_center\u00bb gutter_size=\u00bb3&#8243; overlay_color=\u00bbcolor-149439&#8243; overlay_alpha=\u00bb50&#8243; shift_x=\u00bb0&#8243; shift_y=\u00bb0&#8243; shift_y_down=\u00bb0&#8243; z_index=\u00bb0&#8243; medium_width=\u00bb0&#8243; mobile_width=\u00bb0&#8243; width=\u00bb1\/1&#8243; uncode_shortcode_id=\u00bb199431&#8243; overlay_color_type=\u00bbuncode-palette\u00bb][vc_custom_heading text_color=\u00bbcolor-xsdn\u00bb heading_semantic=\u00bbh1&#8243; text_size=\u00bbfontsize-206760&#8243; text_weight=\u00bb900&#8243; uncode_shortcode_id=\u00bb206510&#8243; text_color_type=\u00bbuncode-palette\u00bb]Historia, Tradiciones y Museos[\/vc_custom_heading][\/vc_column][\/vc_row][vc_row][vc_column column_width_percent=\u00bb100&#8243; align_horizontal=\u00bbalign_center\u00bb gutter_size=\u00bb3&#8243; overlay_alpha=\u00bb50&#8243; shift_x=\u00bb0&#8243; shift_y=\u00bb0&#8243; shift_y_down=\u00bb0&#8243; z_index=\u00bb0&#8243; medium_width=\u00bb0&#8243; align_mobile=\u00bbalign_left_mobile\u00bb mobile_width=\u00bb0&#8243; width=\u00bb1\/1&#8243; uncode_shortcode_id=\u00bb535950&#8243;][vc_separator sep_color=\u00bbcolor-jevc\u00bb el_height=\u00bb3px\u00bb][vc_row_inner][vc_column_inner width=\u00bb2\/3&#8243;][vc_column_text]https:\/\/youtu.be\/PrdQV0xjbCs[\/vc_column_text][\/vc_column_inner][vc_column_inner width=\u00bb1\/3&#8243;][vc_custom_heading text_color=\u00bbcolor-149439&#8243; text_size=\u00bbh1&#8243; text_weight=\u00bb900&#8243;]Una torre, un presidio, un simbolo.<br \/>\nLa Torre della Gardona.[\/vc_custom_heading][\/vc_column_inner][\/vc_row_inner][vc_column_text text_lead=\u00bbyes\u00bb]La torre de forma triangular, una pieza arquitect\u00f3nica original sin ejemplos an\u00e1logos, se alza sobre un acantilado que domina el Piave y siempre ha despertado inter\u00e9s y asombro. A menudo, La Gardona viene denominada como torre, fortilitium o paso, pero su funci\u00f3n de control aduanero para el tr\u00e1nsito hacia Cadore era indudable. Hoy es el s\u00edmbolo her\u00e1ldico del escudo del municipio de Longarone.[\/vc_column_text][\/vc_column][\/vc_row][vc_row unlock_row_content=\u00bbyes\u00bb row_height_percent=\u00bb0&#8243; override_padding=\u00bbyes\u00bb h_padding=\u00bb0&#8243; top_padding=\u00bb2&#8243; bottom_padding=\u00bb2&#8243; overlay_alpha=\u00bb50&#8243; gutter_size=\u00bb3&#8243; column_width_percent=\u00bb100&#8243; shift_y=\u00bb0&#8243; z_index=\u00bb0&#8243;][vc_column width=\u00bb1\/1&#8243;][vc_single_image media=\u00bb378&#8243; media_width_percent=\u00bb100&#8243;][\/vc_column][\/vc_row][vc_row][vc_column column_width_percent=\u00bb100&#8243; align_horizontal=\u00bbalign_center\u00bb gutter_size=\u00bb3&#8243; overlay_alpha=\u00bb50&#8243; shift_x=\u00bb0&#8243; shift_y=\u00bb0&#8243; shift_y_down=\u00bb0&#8243; z_index=\u00bb0&#8243; medium_width=\u00bb0&#8243; align_mobile=\u00bbalign_left_mobile\u00bb mobile_width=\u00bb0&#8243; width=\u00bb1\/1&#8243; uncode_shortcode_id=\u00bb975582&#8243;][vc_separator sep_color=\u00bbcolor-jevc\u00bb el_height=\u00bb3px\u00bb][vc_row_inner][vc_column_inner width=\u00bb2\/3&#8243;][vc_column_text]https:\/\/youtu.be\/OKB058HOj5k[\/vc_column_text][\/vc_column_inner][vc_column_inner width=\u00bb1\/3&#8243;][vc_custom_heading text_color=\u00bbcolor-149439&#8243; text_size=\u00bbh1&#8243; text_weight=\u00bb900&#8243;]Iglesia de Castellavazzo[\/vc_custom_heading][\/vc_column_inner][\/vc_row_inner][vc_column_text text_lead=\u00bbyes\u00bb]En lo alto del pueblo se encontraba el castillo de Lavazzo, sobre cuyas ruinas se ampli\u00f3 posteriormente la antigua iglesia parroquial de los Santos Quirico y Giulitta. En el interior hay varias obras de arte, entre ellas un cuadro del siglo XVII de un artista an\u00f3nimo que representa a la Virgen del Rosario, coronada por dos \u00e1ngeles, y un retablo de Egidio Dall\u2019Oglio, un artista del siglo XVIII, que representa el martirio de Giulitta y su peque\u00f1o hijo Quirico, que tuvo lugar alrededor del a\u00f1o 304. El \u00f3rgano reci\u00e9n restaurado se toca en los aniversarios importantes. No muy lejos se encuentra el Oratorio de Sant\u2019Elena.[\/vc_column_text][\/vc_column][\/vc_row][vc_row unlock_row_content=\u00bbyes\u00bb row_height_percent=\u00bb0&#8243; override_padding=\u00bbyes\u00bb h_padding=\u00bb0&#8243; top_padding=\u00bb2&#8243; bottom_padding=\u00bb2&#8243; overlay_alpha=\u00bb50&#8243; gutter_size=\u00bb3&#8243; column_width_percent=\u00bb100&#8243; shift_y=\u00bb0&#8243; z_index=\u00bb0&#8243;][vc_column width=\u00bb1\/1&#8243;][vc_gallery el_id=\u00bbgallery-436370&#8243; medias=\u00bb383,384,385&#8243; gutter_size=\u00bb2&#8243; media_items=\u00bbmedia|nolink|original,icon\u00bb screen_lg=\u00bb1000&#8243; screen_md=\u00bb600&#8243; screen_sm=\u00bb480&#8243; images_size=\u00bbthree-two\u00bb single_overlay_opacity=\u00bb1&#8243; single_text_anim=\u00bbno\u00bb single_image_anim=\u00bbno\u00bb single_padding=\u00bb2&#8243; items=\u00bbeyIzMjlfaSI6eyJzaW5nbGVfd2lkdGgiOiI4In0sIjMzM19pIjp7InNpbmdsZV93aWR0aCI6IjgifSwiMzM1X2kiOnsic2luZ2xlX3dpZHRoIjoiOCJ9LCIzNDBfaSI6eyJzaW5nbGVfd2lkdGgiOiI4In0sIjM4M19pIjp7InNpbmdsZV93aWR0aCI6IjgifX0=\u00bb][\/vc_column][\/vc_row][vc_row][vc_column column_width_percent=\u00bb100&#8243; align_horizontal=\u00bbalign_center\u00bb gutter_size=\u00bb3&#8243; overlay_alpha=\u00bb50&#8243; shift_x=\u00bb0&#8243; shift_y=\u00bb0&#8243; shift_y_down=\u00bb0&#8243; z_index=\u00bb0&#8243; medium_width=\u00bb0&#8243; align_mobile=\u00bbalign_left_mobile\u00bb mobile_width=\u00bb0&#8243; width=\u00bb1\/1&#8243; uncode_shortcode_id=\u00bb203014&#8243;][vc_separator sep_color=\u00bbcolor-jevc\u00bb el_height=\u00bb3px\u00bb][vc_row_inner][vc_column_inner width=\u00bb2\/3&#8243;][vc_column_text]https:\/\/youtu.be\/LtSTarzrkoQ[\/vc_column_text][\/vc_column_inner][vc_column_inner width=\u00bb1\/3&#8243;][vc_custom_heading text_color=\u00bbcolor-149439&#8243; text_size=\u00bbh1&#8243; text_weight=\u00bb900&#8243;]Historia y tradiciones ancestrales El Museo etnogr\u00e1fico de los balseros del Piave[\/vc_custom_heading][\/vc_column_inner][\/vc_row_inner][vc_column_text text_lead=\u00bbyes\u00bb]Este es el \u00fanico museo de Italia que documenta las etapas de elaboraci\u00f3n de la madera para hacer las caracter\u00edsticas balsas. Desde los mened\u00e0s que marcaban la madera, hasta el corte de la madera, el transporte por flotaci\u00f3n, la posterior construcci\u00f3n de las balsas y los conductores, balseros, de estas grandes balsas que permit\u00edan transportar la madera r\u00edo abajo. Esta antigua actividad est\u00e1 documentada desde la \u00e9poca romana, en el a\u00f1o 200.<br \/>\nEl Museo fue creado por los nietos y bisnietos de los antiguos balseros para no olvidar el gran trabajo realizado durante siglos por sus antepasados en el r\u00edo y para mantener viva la antigua t\u00e9cnica de fabricaci\u00f3n de estas grandes balsas. Se pueden visitar diez salas de exposici\u00f3n, en las que los paneles explicativos y las interesantes leyendas comentan la actividad de corte y transporte de la madera, con la ayuda de im\u00e1genes fotogr\u00e1ficas, artefactos antiguos y algunas maquetas dise\u00f1adas al detalle.[\/vc_column_text][\/vc_column][\/vc_row][vc_row unlock_row_content=\u00bbyes\u00bb row_height_percent=\u00bb0&#8243; override_padding=\u00bbyes\u00bb h_padding=\u00bb0&#8243; top_padding=\u00bb2&#8243; bottom_padding=\u00bb2&#8243; overlay_alpha=\u00bb50&#8243; gutter_size=\u00bb3&#8243; column_width_percent=\u00bb100&#8243; shift_y=\u00bb0&#8243; z_index=\u00bb0&#8243;][vc_column width=\u00bb1\/1&#8243;][vc_gallery el_id=\u00bbgallery-436370&#8243; medias=\u00bb398,400,399&#8243; gutter_size=\u00bb2&#8243; media_items=\u00bbmedia|nolink|original,icon\u00bb screen_lg=\u00bb1000&#8243; screen_md=\u00bb600&#8243; screen_sm=\u00bb480&#8243; images_size=\u00bbthree-two\u00bb single_overlay_opacity=\u00bb1&#8243; single_text_anim=\u00bbno\u00bb single_image_anim=\u00bbno\u00bb single_padding=\u00bb2&#8243; items=\u00bbeyIzMjlfaSI6eyJzaW5nbGVfd2lkdGgiOiI4In0sIjMzM19pIjp7InNpbmdsZV93aWR0aCI6IjgifSwiMzM1X2kiOnsic2luZ2xlX3dpZHRoIjoiOCJ9LCIzNDBfaSI6eyJzaW5nbGVfd2lkdGgiOiI4In0sIjQwMF9pIjp7InNpbmdsZV93aWR0aCI6IjgifX0=\u00bb][\/vc_column][\/vc_row][vc_row][vc_column column_width_percent=\u00bb100&#8243; align_horizontal=\u00bbalign_center\u00bb gutter_size=\u00bb3&#8243; overlay_alpha=\u00bb50&#8243; shift_x=\u00bb0&#8243; shift_y=\u00bb0&#8243; shift_y_down=\u00bb0&#8243; z_index=\u00bb0&#8243; medium_width=\u00bb0&#8243; align_mobile=\u00bbalign_left_mobile\u00bb mobile_width=\u00bb0&#8243; width=\u00bb1\/1&#8243; uncode_shortcode_id=\u00bb763168&#8243;][vc_separator sep_color=\u00bbcolor-jevc\u00bb el_height=\u00bb3px\u00bb][vc_row_inner][vc_column_inner width=\u00bb2\/3&#8243;][vc_column_text]https:\/\/youtu.be\/yKu-NL7p-40[\/vc_column_text][\/vc_column_inner][vc_column_inner width=\u00bb1\/3&#8243;][vc_custom_heading text_color=\u00bbcolor-149439&#8243; text_size=\u00bbh1&#8243; text_weight=\u00bb900&#8243;]Museo de la Piedra Y los Canteros[\/vc_custom_heading][\/vc_column_inner][\/vc_row_inner][vc_column_text text_lead=\u00bbyes\u00bb]Un museo completamente renovado, dedicado al antiguo oficio de cantero, alba\u00f1il y al trabajo de la piedra, que siempre han acompa\u00f1ado la vida de este peque\u00f1o pueblo de monta\u00f1a.<br \/>\nDe gran importancia es la Estela Neroniana realizada en las primeras d\u00e9cadas despu\u00e9s de Cristo, ya que atestigua el uso de la piedra de Castellavazzo ya en \u00e9poca romana.[\/vc_column_text][\/vc_column][\/vc_row][vc_row unlock_row_content=\u00bbyes\u00bb row_height_percent=\u00bb0&#8243; override_padding=\u00bbyes\u00bb h_padding=\u00bb0&#8243; top_padding=\u00bb2&#8243; bottom_padding=\u00bb2&#8243; overlay_alpha=\u00bb50&#8243; gutter_size=\u00bb3&#8243; column_width_percent=\u00bb100&#8243; shift_y=\u00bb0&#8243; z_index=\u00bb0&#8243;][vc_column column_width_percent=\u00bb100&#8243; gutter_size=\u00bb3&#8243; overlay_alpha=\u00bb50&#8243; shift_x=\u00bb0&#8243; shift_y=\u00bb0&#8243; shift_y_down=\u00bb0&#8243; z_index=\u00bb0&#8243; medium_width=\u00bb0&#8243; align_mobile=\u00bbalign_left_mobile\u00bb mobile_width=\u00bb0&#8243; width=\u00bb1\/1&#8243; uncode_shortcode_id=\u00bb101384&#8243;][vc_gallery el_id=\u00bbgallery-436370&#8243; medias=\u00bb404,403,405&#8243; gutter_size=\u00bb2&#8243; media_items=\u00bbmedia|nolink|original,icon\u00bb screen_lg=\u00bb1000&#8243; screen_md=\u00bb600&#8243; screen_sm=\u00bb480&#8243; images_size=\u00bbthree-two\u00bb single_overlay_opacity=\u00bb1&#8243; single_text_anim=\u00bbno\u00bb single_image_anim=\u00bbno\u00bb single_padding=\u00bb2&#8243; items=\u00bbeyIzMjlfaSI6eyJzaW5nbGVfd2lkdGgiOiI4In0sIjMzM19pIjp7InNpbmdsZV93aWR0aCI6IjgifSwiMzM1X2kiOnsic2luZ2xlX3dpZHRoIjoiOCJ9LCIzNDBfaSI6eyJzaW5nbGVfd2lkdGgiOiI4In0sIjM2M19pIjp7InNpbmdsZV93aWR0aCI6IjgifSwiNDA0X2kiOnsic2luZ2xlX3dpZHRoIjoiOCJ9fQ==\u00bb][\/vc_column][\/vc_row][vc_row][vc_column column_width_percent=\u00bb100&#8243; align_horizontal=\u00bbalign_center\u00bb gutter_size=\u00bb3&#8243; overlay_alpha=\u00bb50&#8243; shift_x=\u00bb0&#8243; shift_y=\u00bb0&#8243; shift_y_down=\u00bb0&#8243; z_index=\u00bb0&#8243; medium_width=\u00bb0&#8243; align_mobile=\u00bbalign_left_mobile\u00bb mobile_width=\u00bb0&#8243; width=\u00bb1\/1&#8243; uncode_shortcode_id=\u00bb570216&#8243;][vc_separator sep_color=\u00bbcolor-jevc\u00bb el_height=\u00bb3px\u00bb][vc_custom_heading text_color=\u00bbcolor-123984&#8243; text_size=\u00bbh1&#8243; text_weight=\u00bb900&#8243;]Cementerio de Muda-Ma\u00e8[\/vc_custom_heading][vc_column_text text_lead=\u00bbyes\u00bb]El cementerio de Muda Ma\u00e8 pertenece a las obras de car\u00e1cter colectivo que se construyeron inmediatamente despu\u00e9s de la tragedia de Vajont. Fue dise\u00f1ado en 1966 por los arquitectos Avon, Tentori y Zanuso y es conocido por su especial ubicaci\u00f3n, dominado por el valle de la presa al fondo.[\/vc_column_text][\/vc_column][\/vc_row][vc_row unlock_row_content=\u00bbyes\u00bb row_height_percent=\u00bb0&#8243; override_padding=\u00bbyes\u00bb h_padding=\u00bb0&#8243; top_padding=\u00bb2&#8243; bottom_padding=\u00bb2&#8243; overlay_alpha=\u00bb50&#8243; gutter_size=\u00bb3&#8243; column_width_percent=\u00bb100&#8243; shift_y=\u00bb0&#8243; z_index=\u00bb0&#8243;][vc_column width=\u00bb1\/1&#8243;][vc_single_image media=\u00bb381&#8243; media_width_percent=\u00bb100&#8243;][\/vc_column][\/vc_row][vc_row][vc_column column_width_percent=\u00bb100&#8243; align_horizontal=\u00bbalign_center\u00bb gutter_size=\u00bb3&#8243; overlay_alpha=\u00bb50&#8243; shift_x=\u00bb0&#8243; shift_y=\u00bb0&#8243; shift_y_down=\u00bb0&#8243; z_index=\u00bb0&#8243; medium_width=\u00bb0&#8243; align_mobile=\u00bbalign_left_mobile\u00bb mobile_width=\u00bb0&#8243; width=\u00bb1\/1&#8243; uncode_shortcode_id=\u00bb434196&#8243;][vc_separator sep_color=\u00bbcolor-jevc\u00bb el_height=\u00bb3px\u00bb][vc_row_inner][vc_column_inner width=\u00bb2\/3&#8243;][vc_column_text]https:\/\/youtu.be\/MOZyFcu9gfA[\/vc_column_text][\/vc_column_inner][vc_column_inner width=\u00bb1\/3&#8243;][vc_custom_heading text_color=\u00bbcolor-123984&#8243; text_size=\u00bbh1&#8243; text_weight=\u00bb900&#8243;]La historia de Longarone conservada en un museo. Museo LONGARONE VAJONT[\/vc_custom_heading][\/vc_column_inner][\/vc_row_inner][vc_column_text text_lead=\u00bbyes\u00bb]Desde 2009, el centro de Longarone alberga el museo dedicado a la historia de Longarone y Vajont, que, a trav\u00e9s de una amplia colecci\u00f3n de im\u00e1genes hist\u00f3ricas, objetos, testimonios y pel\u00edculas, permite a los visitantes conocer mejor la historia local.<br \/>\nLa historia de la ciudad y sus alrededores antes de la tragedia de Vajont, la construcci\u00f3n de la presa, la cat\u00e1strofe del 9 de octubre de 1963, la intervenci\u00f3n de los equipos de rescate y la reconstrucci\u00f3n de Longarone tal como es hoy.[\/vc_column_text][\/vc_column][\/vc_row][vc_row unlock_row_content=\u00bbyes\u00bb row_height_percent=\u00bb0&#8243; override_padding=\u00bbyes\u00bb h_padding=\u00bb0&#8243; top_padding=\u00bb2&#8243; bottom_padding=\u00bb2&#8243; overlay_alpha=\u00bb50&#8243; gutter_size=\u00bb3&#8243; column_width_percent=\u00bb100&#8243; shift_y=\u00bb0&#8243; z_index=\u00bb0&#8243;][vc_column width=\u00bb1\/1&#8243;][vc_gallery el_id=\u00bbgallery-436370&#8243; medias=\u00bb361,363,362&#8243; gutter_size=\u00bb2&#8243; media_items=\u00bbmedia|nolink|original,icon\u00bb screen_lg=\u00bb1000&#8243; screen_md=\u00bb600&#8243; screen_sm=\u00bb480&#8243; single_overlay_opacity=\u00bb1&#8243; single_text_anim=\u00bbno\u00bb single_image_anim=\u00bbno\u00bb single_padding=\u00bb2&#8243; items=\u00bbeyIzMjlfaSI6eyJzaW5nbGVfd2lkdGgiOiI4In0sIjMzM19pIjp7InNpbmdsZV93aWR0aCI6IjgifSwiMzM1X2kiOnsic2luZ2xlX3dpZHRoIjoiOCJ9LCIzNDBfaSI6eyJzaW5nbGVfd2lkdGgiOiI4In0sIjM2M19pIjp7InNpbmdsZV93aWR0aCI6IjgifX0=\u00bb][\/vc_column][\/vc_row]<\/p>\n<\/div>","protected":false},"excerpt":{"rendered":"<p>[vc_row unlock_row_content=\u00bbyes\u00bb row_height_percent=\u00bb80&#8243; override_padding=\u00bbyes\u00bb h_padding=\u00bb0&#8243; top_padding=\u00bb2&#8243; bottom_padding=\u00bb2&#8243; back_image=\u00bb375&#8243; overlay_alpha=\u00bb50&#8243; gutter_size=\u00bb3&#8243; column_width_percent=\u00bb100&#8243; shift_y=\u00bb0&#8243; z_index=\u00bb0&#8243;][vc_column column_width_percent=\u00bb100&#8243; position_vertical=\u00bbmiddle\u00bb align_horizontal=\u00bbalign_center\u00bb gutter_size=\u00bb3&#8243; overlay_color=\u00bbcolor-149439&#8243; overlay_alpha=\u00bb50&#8243; shift_x=\u00bb0&#8243; [&hellip;]<\/p>\n","protected":false},"author":1,"featured_media":0,"parent":0,"menu_order":0,"comment_status":"closed","ping_status":"closed","template":"","meta":{"_acf_changed":false,"footnotes":""},"class_list":["post-1247","page","type-page","status-publish","hentry"],"acf":[],"yoast_head":"<!-- This site is optimized with the Yoast SEO plugin v25.8 - https:\/\/yoast.com\/wordpress\/plugins\/seo\/ -->\n<title>Historia, Tradiciones y Museos - Visit Longarone<\/title>\n<meta name=\"robots\" content=\"index, follow, max-snippet:-1, max-image-preview:large, max-video-preview:-1\" \/>\n<link rel=\"canonical\" href=\"https:\/\/www.visitlongarone.it\/es\/historia-tradiciones-y-museos\/\" \/>\n<meta property=\"og:locale\" content=\"es_ES\" \/>\n<meta property=\"og:type\" content=\"article\" \/>\n<meta property=\"og:title\" content=\"Historia, Tradiciones y Museos - Visit Longarone\" \/>\n<meta property=\"og:description\" content=\"[vc_row unlock_row_content=\u00bbyes\u00bb row_height_percent=\u00bb80&#8243; override_padding=\u00bbyes\u00bb h_padding=\u00bb0&#8243; top_padding=\u00bb2&#8243; bottom_padding=\u00bb2&#8243; back_image=\u00bb375&#8243; overlay_alpha=\u00bb50&#8243; gutter_size=\u00bb3&#8243; column_width_percent=\u00bb100&#8243; shift_y=\u00bb0&#8243; z_index=\u00bb0&#8243;][vc_column column_width_percent=\u00bb100&#8243; position_vertical=\u00bbmiddle\u00bb align_horizontal=\u00bbalign_center\u00bb gutter_size=\u00bb3&#8243; overlay_color=\u00bbcolor-149439&#8243; overlay_alpha=\u00bb50&#8243; shift_x=\u00bb0&#8243; [&hellip;]\" \/>\n<meta property=\"og:url\" content=\"https:\/\/www.visitlongarone.it\/es\/historia-tradiciones-y-museos\/\" \/>\n<meta property=\"og:site_name\" content=\"Visit Longarone\" \/>\n<meta property=\"article:modified_time\" content=\"2022-06-14T09:01:32+00:00\" \/>\n<meta name=\"twitter:card\" content=\"summary_large_image\" \/>\n<meta name=\"twitter:label1\" content=\"Tiempo de lectura\" \/>\n\t<meta name=\"twitter:data1\" content=\"9 minutos\" \/>\n<script type=\"application\/ld+json\" class=\"yoast-schema-graph\">{\"@context\":\"https:\/\/schema.org\",\"@graph\":[{\"@type\":\"WebPage\",\"@id\":\"https:\/\/www.visitlongarone.it\/es\/historia-tradiciones-y-museos\/\",\"url\":\"https:\/\/www.visitlongarone.it\/es\/historia-tradiciones-y-museos\/\",\"name\":\"Historia, Tradiciones y Museos - Visit Longarone\",\"isPartOf\":{\"@id\":\"https:\/\/www.visitlongarone.it\/es\/#website\"},\"datePublished\":\"2021-07-05T08:48:48+00:00\",\"dateModified\":\"2022-06-14T09:01:32+00:00\",\"breadcrumb\":{\"@id\":\"https:\/\/www.visitlongarone.it\/es\/historia-tradiciones-y-museos\/#breadcrumb\"},\"inLanguage\":\"es\",\"potentialAction\":[{\"@type\":\"ReadAction\",\"target\":[\"https:\/\/www.visitlongarone.it\/es\/historia-tradiciones-y-museos\/\"]}]},{\"@type\":\"BreadcrumbList\",\"@id\":\"https:\/\/www.visitlongarone.it\/es\/historia-tradiciones-y-museos\/#breadcrumb\",\"itemListElement\":[{\"@type\":\"ListItem\",\"position\":1,\"name\":\"Home\",\"item\":\"https:\/\/www.visitlongarone.it\/es\/\"},{\"@type\":\"ListItem\",\"position\":2,\"name\":\"Historia, Tradiciones y Museos\"}]},{\"@type\":\"WebSite\",\"@id\":\"https:\/\/www.visitlongarone.it\/es\/#website\",\"url\":\"https:\/\/www.visitlongarone.it\/es\/\",\"name\":\"Visit Longarone\",\"description\":\"\",\"potentialAction\":[{\"@type\":\"SearchAction\",\"target\":{\"@type\":\"EntryPoint\",\"urlTemplate\":\"https:\/\/www.visitlongarone.it\/es\/?s={search_term_string}\"},\"query-input\":{\"@type\":\"PropertyValueSpecification\",\"valueRequired\":true,\"valueName\":\"search_term_string\"}}],\"inLanguage\":\"es\"}]}<\/script>\n<!-- \/ Yoast SEO plugin. -->","yoast_head_json":{"title":"Historia, Tradiciones y Museos - Visit Longarone","robots":{"index":"index","follow":"follow","max-snippet":"max-snippet:-1","max-image-preview":"max-image-preview:large","max-video-preview":"max-video-preview:-1"},"canonical":"https:\/\/www.visitlongarone.it\/es\/historia-tradiciones-y-museos\/","og_locale":"es_ES","og_type":"article","og_title":"Historia, Tradiciones y Museos - Visit Longarone","og_description":"[vc_row unlock_row_content=\u00bbyes\u00bb row_height_percent=\u00bb80&#8243; override_padding=\u00bbyes\u00bb h_padding=\u00bb0&#8243; top_padding=\u00bb2&#8243; bottom_padding=\u00bb2&#8243; back_image=\u00bb375&#8243; overlay_alpha=\u00bb50&#8243; gutter_size=\u00bb3&#8243; column_width_percent=\u00bb100&#8243; shift_y=\u00bb0&#8243; z_index=\u00bb0&#8243;][vc_column column_width_percent=\u00bb100&#8243; position_vertical=\u00bbmiddle\u00bb align_horizontal=\u00bbalign_center\u00bb gutter_size=\u00bb3&#8243; overlay_color=\u00bbcolor-149439&#8243; overlay_alpha=\u00bb50&#8243; shift_x=\u00bb0&#8243; [&hellip;]","og_url":"https:\/\/www.visitlongarone.it\/es\/historia-tradiciones-y-museos\/","og_site_name":"Visit Longarone","article_modified_time":"2022-06-14T09:01:32+00:00","twitter_card":"summary_large_image","twitter_misc":{"Tiempo de lectura":"9 minutos"},"schema":{"@context":"https:\/\/schema.org","@graph":[{"@type":"WebPage","@id":"https:\/\/www.visitlongarone.it\/es\/historia-tradiciones-y-museos\/","url":"https:\/\/www.visitlongarone.it\/es\/historia-tradiciones-y-museos\/","name":"Historia, Tradiciones y Museos - Visit Longarone","isPartOf":{"@id":"https:\/\/www.visitlongarone.it\/es\/#website"},"datePublished":"2021-07-05T08:48:48+00:00","dateModified":"2022-06-14T09:01:32+00:00","breadcrumb":{"@id":"https:\/\/www.visitlongarone.it\/es\/historia-tradiciones-y-museos\/#breadcrumb"},"inLanguage":"es","potentialAction":[{"@type":"ReadAction","target":["https:\/\/www.visitlongarone.it\/es\/historia-tradiciones-y-museos\/"]}]},{"@type":"BreadcrumbList","@id":"https:\/\/www.visitlongarone.it\/es\/historia-tradiciones-y-museos\/#breadcrumb","itemListElement":[{"@type":"ListItem","position":1,"name":"Home","item":"https:\/\/www.visitlongarone.it\/es\/"},{"@type":"ListItem","position":2,"name":"Historia, Tradiciones y Museos"}]},{"@type":"WebSite","@id":"https:\/\/www.visitlongarone.it\/es\/#website","url":"https:\/\/www.visitlongarone.it\/es\/","name":"Visit Longarone","description":"","potentialAction":[{"@type":"SearchAction","target":{"@type":"EntryPoint","urlTemplate":"https:\/\/www.visitlongarone.it\/es\/?s={search_term_string}"},"query-input":{"@type":"PropertyValueSpecification","valueRequired":true,"valueName":"search_term_string"}}],"inLanguage":"es"}]}},"_links":{"self":[{"href":"https:\/\/www.visitlongarone.it\/es\/wp-json\/wp\/v2\/pages\/1247","targetHints":{"allow":["GET"]}}],"collection":[{"href":"https:\/\/www.visitlongarone.it\/es\/wp-json\/wp\/v2\/pages"}],"about":[{"href":"https:\/\/www.visitlongarone.it\/es\/wp-json\/wp\/v2\/types\/page"}],"author":[{"embeddable":true,"href":"https:\/\/www.visitlongarone.it\/es\/wp-json\/wp\/v2\/users\/1"}],"replies":[{"embeddable":true,"href":"https:\/\/www.visitlongarone.it\/es\/wp-json\/wp\/v2\/comments?post=1247"}],"version-history":[{"count":7,"href":"https:\/\/www.visitlongarone.it\/es\/wp-json\/wp\/v2\/pages\/1247\/revisions"}],"predecessor-version":[{"id":1829,"href":"https:\/\/www.visitlongarone.it\/es\/wp-json\/wp\/v2\/pages\/1247\/revisions\/1829"}],"wp:attachment":[{"href":"https:\/\/www.visitlongarone.it\/es\/wp-json\/wp\/v2\/media?parent=1247"}],"curies":[{"name":"wp","href":"https:\/\/api.w.org\/{rel}","templated":true}]}}